{"id":24,"date":"2022-04-14T11:54:34","date_gmt":"2022-04-14T09:54:34","guid":{"rendered":"https:\/\/www.sekelgarden.se\/?page_id=24"},"modified":"2022-05-02T13:20:57","modified_gmt":"2022-05-02T11:20:57","slug":"information","status":"publish","type":"page","link":"https:\/\/www.sekelgarden.se\/en\/information\/","title":{"rendered":"Information"},"content":{"rendered":"<div data-elementor-type=\"wp-page\" data-elementor-id=\"24\" class=\"elementor elementor-24\" data-elementor-post-type=\"page\">\n\t\t\t\t\t\t\t\t\t<section data-particle_enable=\"false\" data-particle-mobile-disabled=\"false\" class=\"elementor-section elementor-top-section elementor-element elementor-element-1cdefa8 elementor-section-full_width elementor-section-height-min-height elementor-reverse-tablet elementor-reverse-mobile elementor-section-height-default elementor-section-items-middle\" data-id=\"1cdefa8\" data-element_type=\"section\">\n\t\t\t\t\t\t<div class=\"elementor-container elementor-column-gap-default\">\n\t\t\t\t\t<div class=\"elementor-column elementor-col-50 elementor-top-column elementor-element elementor-element-322ffb8\" data-id=\"322ffb8\" data-element_type=\"column\" data-settings=\"{&quot;background_background&quot;:&quot;classic&quot;}\">\n\t\t\t<div class=\"elementor-widget-wrap elementor-element-populated\">\n\t\t\t\t\t\t\t\t<div class=\"elementor-element elementor-element-a42425b elementor-widget elementor-widget-heading\" data-id=\"a42425b\" data-element_type=\"widget\" data-widget_type=\"heading.default\">\n\t\t\t\t<div class=\"elementor-widget-container\">\n\t\t\t<style>\/*! elementor - v3.17.0 - 25-10-2023 *\/\n.elementor-heading-title{padding:0;margin:0;line-height:1}.elementor-widget-heading .elementor-heading-title[class*=elementor-size-]>a{color:inherit;font-size:inherit;line-height:inherit}.elementor-widget-heading .elementor-heading-title.elementor-size-small{font-size:15px}.elementor-widget-heading .elementor-heading-title.elementor-size-medium{font-size:19px}.elementor-widget-heading .elementor-heading-title.elementor-size-large{font-size:29px}.elementor-widget-heading .elementor-heading-title.elementor-size-xl{font-size:39px}.elementor-widget-heading .elementor-heading-title.elementor-size-xxl{font-size:59px}<\/style><h1 class=\"elementor-heading-title elementor-size-default\">HOTEL ANNO 1793 SEKELG\u00c5RDEN<\/h1>\t\t<\/div>\n\t\t\t\t<\/div>\n\t\t\t\t<div class=\"elementor-element elementor-element-ef18dff elementor-widget elementor-widget-heading\" data-id=\"ef18dff\" data-element_type=\"widget\" data-widget_type=\"heading.default\">\n\t\t\t\t<div class=\"elementor-widget-container\">\n\t\t\t<h2 class=\"elementor-heading-title elementor-size-default\">Information<\/h2>\t\t<\/div>\n\t\t\t\t<\/div>\n\t\t\t\t<div class=\"elementor-element elementor-element-8884424 elementor-widget elementor-widget-text-editor\" data-id=\"8884424\" data-element_type=\"widget\" data-widget_type=\"text-editor.default\">\n\t\t\t\t<div class=\"elementor-widget-container\">\n\t\t\t<style>\/*! elementor - v3.17.0 - 25-10-2023 *\/\n.elementor-widget-text-editor.elementor-drop-cap-view-stacked .elementor-drop-cap{background-color:#69727d;color:#fff}.elementor-widget-text-editor.elementor-drop-cap-view-framed .elementor-drop-cap{color:#69727d;border:3px solid;background-color:transparent}.elementor-widget-text-editor:not(.elementor-drop-cap-view-default) .elementor-drop-cap{margin-top:8px}.elementor-widget-text-editor:not(.elementor-drop-cap-view-default) .elementor-drop-cap-letter{width:1em;height:1em}.elementor-widget-text-editor .elementor-drop-cap{float:left;text-align:center;line-height:1;font-size:50px}.elementor-widget-text-editor .elementor-drop-cap-letter{display:inline-block}<\/style>\t\t\t\t<p class=\" translation-block\">Check-in: at 15-18. If you wish to check-in at a different time, please contact reception. Check out: at 11. <br \/>Parking: In the marina, there are 200 places at a cost of SEK 20\/day. <br \/>If you wish to bring your dog, please inquire about availability by phone:  0411-73900.\u00a0Supplement of SEK 250 per dog and night.<\/p>\t\t\t\t\t\t<\/div>\n\t\t\t\t<\/div>\n\t\t\t\t<div class=\"elementor-element elementor-element-cfc16b6 elementor-widget elementor-widget-heading\" data-id=\"cfc16b6\" data-element_type=\"widget\" data-widget_type=\"heading.default\">\n\t\t\t\t<div class=\"elementor-widget-container\">\n\t\t\t<h2 class=\"elementor-heading-title elementor-size-default\">Reviews &amp; Ratings<\/h2>\t\t<\/div>\n\t\t\t\t<\/div>\n\t\t\t\t<div class=\"elementor-element elementor-element-a58cf4a elementor-widget elementor-widget-text-editor\" data-id=\"a58cf4a\" data-element_type=\"widget\" data-widget_type=\"text-editor.default\">\n\t\t\t\t<div class=\"elementor-widget-container\">\n\t\t\t\t\t\t\t<p class=\" translation-block\">The hotel is mentioned in several of Henning Mankell's mystery novels about crime commissioner Kurt Wallander.<br \/>\nSekelg\u00e5rden has been named \"One of the most romantic hotels in Sweden\" in the magazine Gourmet and \"One of the best guest houses\" in the magazine Ica Kuriren.<\/p>\t\t\t\t\t\t<\/div>\n\t\t\t\t<\/div>\n\t\t\t\t<div class=\"elementor-element elementor-element-4b2e87f elementor-widget elementor-widget-button\" data-id=\"4b2e87f\" data-element_type=\"widget\" data-widget_type=\"button.default\">\n\t\t\t\t<div class=\"elementor-widget-container\">\n\t\t\t\t\t<div class=\"elementor-button-wrapper\">\n\t\t\t<a class=\"elementor-button elementor-button-link elementor-size-sm\" href=\"https:\/\/www.sekelgarden.se\/en\/boka-online\/\">\n\t\t\t\t\t\t<span class=\"elementor-button-content-wrapper\">\n\t\t\t\t\t\t<span class=\"elementor-button-text\">Book here!<\/span>\n\t\t<\/span>\n\t\t\t\t\t<\/a>\n\t\t<\/div>\n\t\t\t\t<\/div>\n\t\t\t\t<\/div>\n\t\t\t\t\t<\/div>\n\t\t<\/div>\n\t\t\t\t<div class=\"elementor-column elementor-col-50 elementor-top-column elementor-element elementor-element-db9f63e\" data-id=\"db9f63e\" data-element_type=\"column\">\n\t\t\t<div class=\"elementor-widget-wrap elementor-element-populated\">\n\t\t\t\t\t\t\t\t<div class=\"elementor-element elementor-element-4d7a56e elementor-widget elementor-widget-image\" data-id=\"4d7a56e\" data-element_type=\"widget\" data-widget_type=\"image.default\">\n\t\t\t\t<div class=\"elementor-widget-container\">\n\t\t\t<style>\/*! elementor - v3.17.0 - 25-10-2023 *\/\n.elementor-widget-image{text-align:center}.elementor-widget-image a{display:inline-block}.elementor-widget-image a img[src$=\".svg\"]{width:48px}.elementor-widget-image img{vertical-align:middle;display:inline-block}<\/style>\t\t\t\t\t\t\t\t\t\t\t\t<img decoding=\"async\" width=\"2556\" height=\"1704\" src=\"https:\/\/www.sekelgarden.se\/wp-content\/uploads\/2022\/04\/CG__frukost2.jpg\" class=\"attachment-full size-full wp-image-114\" alt=\"\" srcset=\"https:\/\/www.sekelgarden.se\/wp-content\/uploads\/2022\/04\/CG__frukost2.jpg 2556w, https:\/\/www.sekelgarden.se\/wp-content\/uploads\/2022\/04\/CG__frukost2-300x200.jpg 300w, https:\/\/www.sekelgarden.se\/wp-content\/uploads\/2022\/04\/CG__frukost2-1024x683.jpg 1024w, https:\/\/www.sekelgarden.se\/wp-content\/uploads\/2022\/04\/CG__frukost2-768x512.jpg 768w, https:\/\/www.sekelgarden.se\/wp-content\/uploads\/2022\/04\/CG__frukost2-1536x1024.jpg 1536w, https:\/\/www.sekelgarden.se\/wp-content\/uploads\/2022\/04\/CG__frukost2-2048x1365.jpg 2048w\" sizes=\"(max-width: 2556px) 100vw, 2556px\" \/>\t\t\t\t\t\t\t\t\t\t\t\t\t\t\t<\/div>\n\t\t\t\t<\/div>\n\t\t\t\t\t<\/div>\n\t\t<\/div>\n\t\t\t\t\t\t\t<\/div>\n\t\t<\/section>\n\t\t\t\t\t\t\t<\/div>","protected":false},"excerpt":{"rendered":"<p>HOTEL ANNO 1793 SEKELG\u00c5RDEN Information Incheckning: kl. 15-18.Vid senare incheckning v\u00e4nligen kontakta receptionen.Utcheckning: kl. 11.Parkering: I sm\u00e5b\u00e5tshamnen finns 200 platser till kostnad av 20 kr\/dygn.\u00a0Hundrum: Bokas per telefon 0411-73900 i m\u00e5n av plats.Till\u00e4gg om 250 kr per hund och natt. Omd\u00f6men &#038; Betyg Hotellet \u00e4r omn\u00e4mnt i flera av Henning Mankells b\u00f6cker om kriminalkommissarie Kurt [&hellip;]<\/p>","protected":false},"author":1,"featured_media":0,"parent":0,"menu_order":0,"comment_status":"closed","ping_status":"closed","template":"","meta":{"_seopress_robots_primary_cat":"","footnotes":""},"Pagecategories":[],"class_list":["post-24","page","type-page","status-publish","hentry"],"_links":{"self":[{"href":"https:\/\/www.sekelgarden.se\/en\/wp-json\/wp\/v2\/pages\/24","targetHints":{"allow":["GET"]}}],"collection":[{"href":"https:\/\/www.sekelgarden.se\/en\/wp-json\/wp\/v2\/pages"}],"about":[{"href":"https:\/\/www.sekelgarden.se\/en\/wp-json\/wp\/v2\/types\/page"}],"author":[{"embeddable":true,"href":"https:\/\/www.sekelgarden.se\/en\/wp-json\/wp\/v2\/users\/1"}],"replies":[{"embeddable":true,"href":"https:\/\/www.sekelgarden.se\/en\/wp-json\/wp\/v2\/comments?post=24"}],"version-history":[{"count":5,"href":"https:\/\/www.sekelgarden.se\/en\/wp-json\/wp\/v2\/pages\/24\/revisions"}],"predecessor-version":[{"id":439,"href":"https:\/\/www.sekelgarden.se\/en\/wp-json\/wp\/v2\/pages\/24\/revisions\/439"}],"wp:attachment":[{"href":"https:\/\/www.sekelgarden.se\/en\/wp-json\/wp\/v2\/media?parent=24"}],"wp:term":[{"taxonomy":"Pagecategories","embeddable":true,"href":"https:\/\/www.sekelgarden.se\/en\/wp-json\/wp\/v2\/Pagecategories?post=24"}],"curies":[{"name":"wp","href":"https:\/\/api.w.org\/{rel}","templated":true}]}}