{"id":27,"date":"2022-04-14T11:54:43","date_gmt":"2022-04-14T09:54:43","guid":{"rendered":"https:\/\/www.sekelgarden.se\/?page_id=27"},"modified":"2022-05-11T13:42:29","modified_gmt":"2022-05-11T11:42:29","slug":"erbjudanden","status":"publish","type":"page","link":"https:\/\/www.sekelgarden.se\/en\/erbjudanden\/","title":{"rendered":"Offer"},"content":{"rendered":"<div data-elementor-type=\"wp-page\" data-elementor-id=\"27\" class=\"elementor elementor-27\" data-elementor-post-type=\"page\">\n\t\t\t\t\t\t\t\t\t<section data-particle_enable=\"false\" data-particle-mobile-disabled=\"false\" class=\"elementor-section elementor-top-section elementor-element elementor-element-73efcb2b elementor-section-full_width elementor-section-height-min-height elementor-section-height-default elementor-section-items-middle\" data-id=\"73efcb2b\" data-element_type=\"section\">\n\t\t\t\t\t\t<div class=\"elementor-container elementor-column-gap-no\">\n\t\t\t\t\t<div class=\"elementor-column elementor-col-33 elementor-top-column elementor-element elementor-element-7ed948c\" data-id=\"7ed948c\" data-element_type=\"column\">\n\t\t\t<div class=\"elementor-widget-wrap elementor-element-populated\">\n\t\t\t\t\t\t\t\t<div class=\"elementor-element elementor-element-56395fe elementor-widget elementor-widget-image\" data-id=\"56395fe\" data-element_type=\"widget\" data-widget_type=\"image.default\">\n\t\t\t\t<div class=\"elementor-widget-container\">\n\t\t\t<style>\/*! elementor - v3.17.0 - 25-10-2023 *\/\n.elementor-widget-image{text-align:center}.elementor-widget-image a{display:inline-block}.elementor-widget-image a img[src$=\".svg\"]{width:48px}.elementor-widget-image img{vertical-align:middle;display:inline-block}<\/style>\t\t\t\t\t\t\t\t\t\t\t\t<img decoding=\"async\" width=\"1699\" height=\"2556\" src=\"https:\/\/www.sekelgarden.se\/wp-content\/uploads\/2022\/04\/CG_0054.jpg\" class=\"attachment-full size-full wp-image-139\" alt=\"\" srcset=\"https:\/\/www.sekelgarden.se\/wp-content\/uploads\/2022\/04\/CG_0054.jpg 1699w, https:\/\/www.sekelgarden.se\/wp-content\/uploads\/2022\/04\/CG_0054-199x300.jpg 199w, https:\/\/www.sekelgarden.se\/wp-content\/uploads\/2022\/04\/CG_0054-681x1024.jpg 681w, https:\/\/www.sekelgarden.se\/wp-content\/uploads\/2022\/04\/CG_0054-768x1155.jpg 768w, https:\/\/www.sekelgarden.se\/wp-content\/uploads\/2022\/04\/CG_0054-1021x1536.jpg 1021w, https:\/\/www.sekelgarden.se\/wp-content\/uploads\/2022\/04\/CG_0054-1361x2048.jpg 1361w\" sizes=\"(max-width: 1699px) 100vw, 1699px\" \/>\t\t\t\t\t\t\t\t\t\t\t\t\t\t\t<\/div>\n\t\t\t\t<\/div>\n\t\t\t\t\t<\/div>\n\t\t<\/div>\n\t\t\t\t<div class=\"elementor-column elementor-col-33 elementor-top-column elementor-element elementor-element-322159ae\" data-id=\"322159ae\" data-element_type=\"column\" data-settings=\"{&quot;background_background&quot;:&quot;classic&quot;}\">\n\t\t\t<div class=\"elementor-widget-wrap elementor-element-populated\">\n\t\t\t\t\t\t\t\t<div class=\"elementor-element elementor-element-5fe0dc40 elementor-widget elementor-widget-heading\" data-id=\"5fe0dc40\" data-element_type=\"widget\" data-widget_type=\"heading.default\">\n\t\t\t\t<div class=\"elementor-widget-container\">\n\t\t\t<style>\/*! elementor - v3.17.0 - 25-10-2023 *\/\n.elementor-heading-title{padding:0;margin:0;line-height:1}.elementor-widget-heading .elementor-heading-title[class*=elementor-size-]>a{color:inherit;font-size:inherit;line-height:inherit}.elementor-widget-heading .elementor-heading-title.elementor-size-small{font-size:15px}.elementor-widget-heading .elementor-heading-title.elementor-size-medium{font-size:19px}.elementor-widget-heading .elementor-heading-title.elementor-size-large{font-size:29px}.elementor-widget-heading .elementor-heading-title.elementor-size-xl{font-size:39px}.elementor-widget-heading .elementor-heading-title.elementor-size-xxl{font-size:59px}<\/style><h1 class=\"elementor-heading-title elementor-size-default\">HOTEL ANNO 1793 SEKELG\u00c5RDEN<\/h1>\t\t<\/div>\n\t\t\t\t<\/div>\n\t\t\t\t<div class=\"elementor-element elementor-element-38af4d40 elementor-widget elementor-widget-heading\" data-id=\"38af4d40\" data-element_type=\"widget\" data-widget_type=\"heading.default\">\n\t\t\t\t<div class=\"elementor-widget-container\">\n\t\t\t<h2 class=\"elementor-heading-title elementor-size-default\">OFFER<\/h2>\t\t<\/div>\n\t\t\t\t<\/div>\n\t\t\t\t<div class=\"elementor-element elementor-element-5a4363e elementor-widget elementor-widget-heading\" data-id=\"5a4363e\" data-element_type=\"widget\" data-widget_type=\"heading.default\">\n\t\t\t\t<div class=\"elementor-widget-container\">\n\t\t\t<h3 class=\"elementor-heading-title elementor-size-default\">Romance package\n<\/h3>\t\t<\/div>\n\t\t\t\t<\/div>\n\t\t\t\t<div class=\"elementor-element elementor-element-7cbee5a2 elementor-widget elementor-widget-text-editor\" data-id=\"7cbee5a2\" data-element_type=\"widget\" data-widget_type=\"text-editor.default\">\n\t\t\t\t<div class=\"elementor-widget-container\">\n\t\t\t<style>\/*! elementor - v3.17.0 - 25-10-2023 *\/\n.elementor-widget-text-editor.elementor-drop-cap-view-stacked .elementor-drop-cap{background-color:#69727d;color:#fff}.elementor-widget-text-editor.elementor-drop-cap-view-framed .elementor-drop-cap{color:#69727d;border:3px solid;background-color:transparent}.elementor-widget-text-editor:not(.elementor-drop-cap-view-default) .elementor-drop-cap{margin-top:8px}.elementor-widget-text-editor:not(.elementor-drop-cap-view-default) .elementor-drop-cap-letter{width:1em;height:1em}.elementor-widget-text-editor .elementor-drop-cap{float:left;text-align:center;line-height:1;font-size:50px}.elementor-widget-text-editor .elementor-drop-cap-letter{display:inline-block}<\/style>\t\t\t\t<p id=\"E229\" class=\"qowt-stl-Normal x-scope qowt-word-para-0 translation-block\">Leave everyday life and spend a night at Sekelg\u00e5rden. The offer includes accommodation with a breakfast buffet and a three-course gourmet menu at Restaurant Store Thor in R\u00e5dhusk\u00e4llaren, 150 meters from the hotel. Compose your own menu from the evening's \u00e0 la carte. No Romance Package 22\/6 \u2013 9\/8.<\/p><p id=\"E235\" class=\"qowt-stl-Normal x-scope qowt-word-para-2\"><span id=\"E236\" class=\"qowt-font6-Helvetica\">For more information, please call or send us an email.\u00a0<\/span><\/p>\t\t\t\t\t\t<\/div>\n\t\t\t\t<\/div>\n\t\t\t\t<div class=\"elementor-element elementor-element-3e1847a elementor-widget elementor-widget-heading\" data-id=\"3e1847a\" data-element_type=\"widget\" data-widget_type=\"heading.default\">\n\t\t\t\t<div class=\"elementor-widget-container\">\n\t\t\t<h3 class=\"elementor-heading-title elementor-size-default\">Golf package<\/h3>\t\t<\/div>\n\t\t\t\t<\/div>\n\t\t\t\t<div class=\"elementor-element elementor-element-124d0eb elementor-widget elementor-widget-text-editor\" data-id=\"124d0eb\" data-element_type=\"widget\" data-widget_type=\"text-editor.default\">\n\t\t\t\t<div class=\"elementor-widget-container\">\n\t\t\t\t\t\t\t<p id=\"E229\" class=\"qowt-stl-Normal x-scope qowt-word-para-0\">For more information, please call or send us an email.\u00a0<\/p>\t\t\t\t\t\t<\/div>\n\t\t\t\t<\/div>\n\t\t\t\t<div class=\"elementor-element elementor-element-37117e93 elementor-widget elementor-widget-button\" data-id=\"37117e93\" data-element_type=\"widget\" data-widget_type=\"button.default\">\n\t\t\t\t<div class=\"elementor-widget-container\">\n\t\t\t\t\t<div class=\"elementor-button-wrapper\">\n\t\t\t<a class=\"elementor-button elementor-button-link elementor-size-sm\" href=\"https:\/\/www.sekelgarden.se\/en\/boka-online\/\">\n\t\t\t\t\t\t<span class=\"elementor-button-content-wrapper\">\n\t\t\t\t\t\t<span class=\"elementor-button-text\">Book here!<\/span>\n\t\t<\/span>\n\t\t\t\t\t<\/a>\n\t\t<\/div>\n\t\t\t\t<\/div>\n\t\t\t\t<\/div>\n\t\t\t\t\t<\/div>\n\t\t<\/div>\n\t\t\t\t<div class=\"elementor-column elementor-col-33 elementor-top-column elementor-element elementor-element-50c478fc elementor-hidden-tablet elementor-hidden-mobile\" data-id=\"50c478fc\" data-element_type=\"column\" data-settings=\"{&quot;background_background&quot;:&quot;classic&quot;}\">\n\t\t\t<div class=\"elementor-widget-wrap elementor-element-populated\">\n\t\t\t\t\t\t\t\t<div class=\"elementor-element elementor-element-732b7bd8 elementor-widget elementor-widget-image\" data-id=\"732b7bd8\" data-element_type=\"widget\" data-widget_type=\"image.default\">\n\t\t\t\t<div class=\"elementor-widget-container\">\n\t\t\t\t\t\t\t\t\t\t\t\t\t\t\t<img decoding=\"async\" width=\"1704\" height=\"2556\" src=\"https:\/\/www.sekelgarden.se\/wp-content\/uploads\/2022\/04\/CG_pumpen.jpg\" class=\"attachment-full size-full wp-image-140\" alt=\"\" srcset=\"https:\/\/www.sekelgarden.se\/wp-content\/uploads\/2022\/04\/CG_pumpen.jpg 1704w, https:\/\/www.sekelgarden.se\/wp-content\/uploads\/2022\/04\/CG_pumpen-200x300.jpg 200w, https:\/\/www.sekelgarden.se\/wp-content\/uploads\/2022\/04\/CG_pumpen-683x1024.jpg 683w, https:\/\/www.sekelgarden.se\/wp-content\/uploads\/2022\/04\/CG_pumpen-768x1152.jpg 768w, https:\/\/www.sekelgarden.se\/wp-content\/uploads\/2022\/04\/CG_pumpen-1024x1536.jpg 1024w, https:\/\/www.sekelgarden.se\/wp-content\/uploads\/2022\/04\/CG_pumpen-1365x2048.jpg 1365w\" sizes=\"(max-width: 1704px) 100vw, 1704px\" \/>\t\t\t\t\t\t\t\t\t\t\t\t\t\t\t<\/div>\n\t\t\t\t<\/div>\n\t\t\t\t\t<\/div>\n\t\t<\/div>\n\t\t\t\t\t\t\t<\/div>\n\t\t<\/section>\n\t\t\t\t\t\t\t<\/div>","protected":false},"excerpt":{"rendered":"<p>HOTEL ANNO 1793 SEKELG\u00c5RDEN ERBJUDANDEN Romantikpaket L\u00e4mna vardagen och tillbringa en natt p\u00e5 Sekelg\u00e5rden. I erbjudandet ing\u00e5r \u00f6vernattning med frukostbuff\u00e9 samt tre r\u00e4tters gourmetmeny p\u00e5 Store Thor i R\u00e5dhusk\u00e4llaren, 150 m fr\u00e5n hotellet. V\u00e4lj sj\u00e4lva fr\u00e5n kv\u00e4llens \u00e0 la carte. Ni komponerar allts\u00e5 sj\u00e4lva ihop er meny! Ej Romantikpaket 22\/6 &#8211; 9\/8. F\u00f6r mer information [&hellip;]<\/p>","protected":false},"author":1,"featured_media":0,"parent":0,"menu_order":0,"comment_status":"closed","ping_status":"closed","template":"","meta":{"_seopress_robots_primary_cat":"","footnotes":""},"Pagecategories":[],"class_list":["post-27","page","type-page","status-publish","hentry"],"_links":{"self":[{"href":"https:\/\/www.sekelgarden.se\/en\/wp-json\/wp\/v2\/pages\/27","targetHints":{"allow":["GET"]}}],"collection":[{"href":"https:\/\/www.sekelgarden.se\/en\/wp-json\/wp\/v2\/pages"}],"about":[{"href":"https:\/\/www.sekelgarden.se\/en\/wp-json\/wp\/v2\/types\/page"}],"author":[{"embeddable":true,"href":"https:\/\/www.sekelgarden.se\/en\/wp-json\/wp\/v2\/users\/1"}],"replies":[{"embeddable":true,"href":"https:\/\/www.sekelgarden.se\/en\/wp-json\/wp\/v2\/comments?post=27"}],"version-history":[{"count":5,"href":"https:\/\/www.sekelgarden.se\/en\/wp-json\/wp\/v2\/pages\/27\/revisions"}],"predecessor-version":[{"id":590,"href":"https:\/\/www.sekelgarden.se\/en\/wp-json\/wp\/v2\/pages\/27\/revisions\/590"}],"wp:attachment":[{"href":"https:\/\/www.sekelgarden.se\/en\/wp-json\/wp\/v2\/media?parent=27"}],"wp:term":[{"taxonomy":"Pagecategories","embeddable":true,"href":"https:\/\/www.sekelgarden.se\/en\/wp-json\/wp\/v2\/Pagecategories?post=27"}],"curies":[{"name":"wp","href":"https:\/\/api.w.org\/{rel}","templated":true}]}}