{"id":30,"date":"2022-04-14T11:54:52","date_gmt":"2022-04-14T09:54:52","guid":{"rendered":"https:\/\/www.sekelgarden.se\/?page_id=30"},"modified":"2022-05-11T13:39:49","modified_gmt":"2022-05-11T11:39:49","slug":"vara-rum","status":"publish","type":"page","link":"https:\/\/www.sekelgarden.se\/en\/vara-rum\/","title":{"rendered":"Our rooms"},"content":{"rendered":"<div data-elementor-type=\"wp-page\" data-elementor-id=\"30\" class=\"elementor elementor-30\" data-elementor-post-type=\"page\">\n\t\t\t\t\t\t\t\t\t<section data-particle_enable=\"false\" data-particle-mobile-disabled=\"false\" class=\"elementor-section elementor-top-section elementor-element elementor-element-7f137e15 elementor-section-full_width elementor-section-height-min-height elementor-section-height-default elementor-section-items-middle\" data-id=\"7f137e15\" data-element_type=\"section\">\n\t\t\t\t\t\t<div class=\"elementor-container elementor-column-gap-default\">\n\t\t\t\t\t<div class=\"elementor-column elementor-col-50 elementor-top-column elementor-element elementor-element-3dcc384b\" data-id=\"3dcc384b\" data-element_type=\"column\">\n\t\t\t<div class=\"elementor-widget-wrap elementor-element-populated\">\n\t\t\t\t\t\t\t\t<div class=\"elementor-element elementor-element-62a051bb elementor-widget elementor-widget-image\" data-id=\"62a051bb\" data-element_type=\"widget\" data-widget_type=\"image.default\">\n\t\t\t\t<div class=\"elementor-widget-container\">\n\t\t\t<style>\/*! elementor - v3.17.0 - 25-10-2023 *\/\n.elementor-widget-image{text-align:center}.elementor-widget-image a{display:inline-block}.elementor-widget-image a img[src$=\".svg\"]{width:48px}.elementor-widget-image img{vertical-align:middle;display:inline-block}<\/style>\t\t\t\t\t\t\t\t\t\t\t\t<img decoding=\"async\" width=\"2560\" height=\"1920\" src=\"https:\/\/www.sekelgarden.se\/wp-content\/uploads\/2022\/04\/CG__66-scaled.jpg\" class=\"attachment-full size-full wp-image-197\" alt=\"\" srcset=\"https:\/\/www.sekelgarden.se\/wp-content\/uploads\/2022\/04\/CG__66-scaled.jpg 2560w, https:\/\/www.sekelgarden.se\/wp-content\/uploads\/2022\/04\/CG__66-300x225.jpg 300w, https:\/\/www.sekelgarden.se\/wp-content\/uploads\/2022\/04\/CG__66-1024x768.jpg 1024w, https:\/\/www.sekelgarden.se\/wp-content\/uploads\/2022\/04\/CG__66-768x576.jpg 768w, https:\/\/www.sekelgarden.se\/wp-content\/uploads\/2022\/04\/CG__66-1536x1152.jpg 1536w, https:\/\/www.sekelgarden.se\/wp-content\/uploads\/2022\/04\/CG__66-2048x1536.jpg 2048w\" sizes=\"(max-width: 2560px) 100vw, 2560px\" \/>\t\t\t\t\t\t\t\t\t\t\t\t\t\t\t<\/div>\n\t\t\t\t<\/div>\n\t\t\t\t\t<\/div>\n\t\t<\/div>\n\t\t\t\t<div class=\"elementor-column elementor-col-50 elementor-top-column elementor-element elementor-element-26daed75\" data-id=\"26daed75\" data-element_type=\"column\" data-settings=\"{&quot;background_background&quot;:&quot;classic&quot;}\">\n\t\t\t<div class=\"elementor-widget-wrap elementor-element-populated\">\n\t\t\t\t\t\t\t\t<div class=\"elementor-element elementor-element-74d7e229 elementor-widget elementor-widget-heading\" data-id=\"74d7e229\" data-element_type=\"widget\" data-widget_type=\"heading.default\">\n\t\t\t\t<div class=\"elementor-widget-container\">\n\t\t\t<style>\/*! elementor - v3.17.0 - 25-10-2023 *\/\n.elementor-heading-title{padding:0;margin:0;line-height:1}.elementor-widget-heading .elementor-heading-title[class*=elementor-size-]>a{color:inherit;font-size:inherit;line-height:inherit}.elementor-widget-heading .elementor-heading-title.elementor-size-small{font-size:15px}.elementor-widget-heading .elementor-heading-title.elementor-size-medium{font-size:19px}.elementor-widget-heading .elementor-heading-title.elementor-size-large{font-size:29px}.elementor-widget-heading .elementor-heading-title.elementor-size-xl{font-size:39px}.elementor-widget-heading .elementor-heading-title.elementor-size-xxl{font-size:59px}<\/style><h1 class=\"elementor-heading-title elementor-size-default\">HOTEL ANNO 1793 SEKELG\u00c5RDEN<\/h1>\t\t<\/div>\n\t\t\t\t<\/div>\n\t\t\t\t<div class=\"elementor-element elementor-element-468e012b elementor-widget elementor-widget-heading\" data-id=\"468e012b\" data-element_type=\"widget\" data-widget_type=\"heading.default\">\n\t\t\t\t<div class=\"elementor-widget-container\">\n\t\t\t<h2 class=\"elementor-heading-title elementor-size-default translation-block\">Room in unique hotel <br \/>in the heart of Ystad<\/h2>\t\t<\/div>\n\t\t\t\t<\/div>\n\t\t\t\t<div class=\"elementor-element elementor-element-75971fed elementor-widget elementor-widget-text-editor\" data-id=\"75971fed\" data-element_type=\"widget\" data-widget_type=\"text-editor.default\">\n\t\t\t\t<div class=\"elementor-widget-container\">\n\t\t\t<style>\/*! elementor - v3.17.0 - 25-10-2023 *\/\n.elementor-widget-text-editor.elementor-drop-cap-view-stacked .elementor-drop-cap{background-color:#69727d;color:#fff}.elementor-widget-text-editor.elementor-drop-cap-view-framed .elementor-drop-cap{color:#69727d;border:3px solid;background-color:transparent}.elementor-widget-text-editor:not(.elementor-drop-cap-view-default) .elementor-drop-cap{margin-top:8px}.elementor-widget-text-editor:not(.elementor-drop-cap-view-default) .elementor-drop-cap-letter{width:1em;height:1em}.elementor-widget-text-editor .elementor-drop-cap{float:left;text-align:center;line-height:1;font-size:50px}.elementor-widget-text-editor .elementor-drop-cap-letter{display:inline-block}<\/style>\t\t\t\t<div id=\"contentsContainer\" class=\"style-scope qowt-page\"><div id=\"contents\" class=\"style-scope qowt-page\"><p id=\"E205\" class=\"qowt-stl-Normal x-scope qowt-word-para-0 translation-block\">Our 25 rooms are all different in size and the crooked angles of the old buildings set the framework for the rooms' personal design. No two rooms are alike, and they are all decorated in a combination of old-fashioned and modern style which gives them a unique character. All rooms at Sekelg\u00e5rden have cable TV and a private bathroom with a bath or shower. Wireless internet, breakfast buffet and access to our sauna are included in the room rate. Four of the rooms are suites\/family rooms. These rooms have two floors with internal stairs.<\/p><\/div><\/div>\t\t\t\t\t\t<\/div>\n\t\t\t\t<\/div>\n\t\t\t\t<div class=\"elementor-element elementor-element-670c7266 elementor-widget elementor-widget-button\" data-id=\"670c7266\" data-element_type=\"widget\" data-widget_type=\"button.default\">\n\t\t\t\t<div class=\"elementor-widget-container\">\n\t\t\t\t\t<div class=\"elementor-button-wrapper\">\n\t\t\t<a class=\"elementor-button elementor-button-link elementor-size-sm\" href=\"https:\/\/www.sekelgarden.se\/en\/boka-online\/\">\n\t\t\t\t\t\t<span class=\"elementor-button-content-wrapper\">\n\t\t\t\t\t\t<span class=\"elementor-button-text\">Book here!<\/span>\n\t\t<\/span>\n\t\t\t\t\t<\/a>\n\t\t<\/div>\n\t\t\t\t<\/div>\n\t\t\t\t<\/div>\n\t\t\t\t\t<\/div>\n\t\t<\/div>\n\t\t\t\t\t\t\t<\/div>\n\t\t<\/section>\n\t\t\t\t\t\t\t<\/div>","protected":false},"excerpt":{"rendered":"<p>HOTEL ANNO 1793 SEKELG\u00c5RDEN Rum i unikt korsvirkes hotell i hj\u00e4rtat av Ystad V\u00e5ra 25 rum \u00e4r alla olika till storlek och de gamla byggnaderna och deras fr\u00e5nvaro av raka vinklar s\u00e4tter ramarna f\u00f6r rummens personliga utformning. Inget rum \u00e4r det andra likt och de \u00e4r alla inredda i en kombination av gammaldags och modern [&hellip;]<\/p>","protected":false},"author":1,"featured_media":0,"parent":0,"menu_order":0,"comment_status":"closed","ping_status":"closed","template":"","meta":{"_seopress_robots_primary_cat":"","footnotes":""},"Pagecategories":[],"class_list":["post-30","page","type-page","status-publish","hentry"],"_links":{"self":[{"href":"https:\/\/www.sekelgarden.se\/en\/wp-json\/wp\/v2\/pages\/30","targetHints":{"allow":["GET"]}}],"collection":[{"href":"https:\/\/www.sekelgarden.se\/en\/wp-json\/wp\/v2\/pages"}],"about":[{"href":"https:\/\/www.sekelgarden.se\/en\/wp-json\/wp\/v2\/types\/page"}],"author":[{"embeddable":true,"href":"https:\/\/www.sekelgarden.se\/en\/wp-json\/wp\/v2\/users\/1"}],"replies":[{"embeddable":true,"href":"https:\/\/www.sekelgarden.se\/en\/wp-json\/wp\/v2\/comments?post=30"}],"version-history":[{"count":5,"href":"https:\/\/www.sekelgarden.se\/en\/wp-json\/wp\/v2\/pages\/30\/revisions"}],"predecessor-version":[{"id":587,"href":"https:\/\/www.sekelgarden.se\/en\/wp-json\/wp\/v2\/pages\/30\/revisions\/587"}],"wp:attachment":[{"href":"https:\/\/www.sekelgarden.se\/en\/wp-json\/wp\/v2\/media?parent=30"}],"wp:term":[{"taxonomy":"Pagecategories","embeddable":true,"href":"https:\/\/www.sekelgarden.se\/en\/wp-json\/wp\/v2\/Pagecategories?post=30"}],"curies":[{"name":"wp","href":"https:\/\/api.w.org\/{rel}","templated":true}]}}