{"id":63,"date":"2022-04-14T11:58:25","date_gmt":"2022-04-14T09:58:25","guid":{"rendered":"https:\/\/www.sekelgarden.se\/?page_id=63"},"modified":"2023-05-26T10:07:32","modified_gmt":"2023-05-26T08:07:32","slug":"hem","status":"publish","type":"page","link":"https:\/\/www.sekelgarden.se\/en\/","title":{"rendered":"Hem"},"content":{"rendered":"<div data-elementor-type=\"wp-page\" data-elementor-id=\"63\" class=\"elementor elementor-63\" data-elementor-post-type=\"page\">\n\t\t\t\t\t\t\t\t\t<section data-particle_enable=\"false\" data-particle-mobile-disabled=\"false\" class=\"elementor-section elementor-top-section elementor-element elementor-element-a86317f elementor-section-height-min-height elementor-section-full_width elementor-section-height-default elementor-section-items-middle\" data-id=\"a86317f\" data-element_type=\"section\" data-settings=\"{&quot;background_background&quot;:&quot;slideshow&quot;,&quot;background_slideshow_gallery&quot;:[{&quot;id&quot;:417,&quot;url&quot;:&quot;https:\\\/\\\/www.sekelgarden.se\\\/wp-content\\\/uploads\\\/2022\\\/04\\\/startsida.webp&quot;},{&quot;id&quot;:416,&quot;url&quot;:&quot;https:\\\/\\\/www.sekelgarden.se\\\/wp-content\\\/uploads\\\/2022\\\/04\\\/peter-o-sara.webp&quot;},{&quot;id&quot;:477,&quot;url&quot;:&quot;https:\\\/\\\/www.sekelgarden.se\\\/wp-content\\\/uploads\\\/2022\\\/05\\\/Bryggan-i-hamnen_ORG.webp&quot;}],&quot;background_slideshow_slide_duration&quot;:3000,&quot;background_slideshow_transition_duration&quot;:3000,&quot;background_slideshow_ken_burns&quot;:&quot;yes&quot;,&quot;background_slideshow_loop&quot;:&quot;yes&quot;,&quot;background_slideshow_slide_transition&quot;:&quot;fade&quot;,&quot;background_slideshow_ken_burns_zoom_direction&quot;:&quot;in&quot;}\">\n\t\t\t\t\t\t<div class=\"elementor-container elementor-column-gap-default\">\n\t\t\t\t\t<div class=\"elementor-column elementor-col-50 elementor-top-column elementor-element elementor-element-2e53e55 animated-slow elementor-invisible\" data-id=\"2e53e55\" data-element_type=\"column\" data-settings=\"{&quot;background_background&quot;:&quot;classic&quot;,&quot;animation&quot;:&quot;fadeInDown&quot;}\">\n\t\t\t<div class=\"elementor-widget-wrap elementor-element-populated\">\n\t\t\t\t\t\t\t\t<div class=\"elementor-element elementor-element-d8892b2 elementor-hidden-mobile elementor-widget elementor-widget-heading\" data-id=\"d8892b2\" data-element_type=\"widget\" data-widget_type=\"heading.default\">\n\t\t\t\t<div class=\"elementor-widget-container\">\n\t\t\t<style>\/*! elementor - v3.17.0 - 25-10-2023 *\/\n.elementor-heading-title{padding:0;margin:0;line-height:1}.elementor-widget-heading .elementor-heading-title[class*=elementor-size-]>a{color:inherit;font-size:inherit;line-height:inherit}.elementor-widget-heading .elementor-heading-title.elementor-size-small{font-size:15px}.elementor-widget-heading .elementor-heading-title.elementor-size-medium{font-size:19px}.elementor-widget-heading .elementor-heading-title.elementor-size-large{font-size:29px}.elementor-widget-heading .elementor-heading-title.elementor-size-xl{font-size:39px}.elementor-widget-heading .elementor-heading-title.elementor-size-xxl{font-size:59px}<\/style><h3 class=\"elementor-heading-title elementor-size-default translation-block\">Welcome to Sekelg\u00e5rden<br \/>\nThe family-owned <br \/>hotel in the <br \/>heart of Ystad,<br \/>\nneighbouring the sea<\/h3>\t\t<\/div>\n\t\t\t\t<\/div>\n\t\t\t\t<div class=\"elementor-element elementor-element-2ede98e elementor-hidden-desktop elementor-hidden-laptop elementor-hidden-tablet elementor-widget elementor-widget-heading\" data-id=\"2ede98e\" data-element_type=\"widget\" data-widget_type=\"heading.default\">\n\t\t\t\t<div class=\"elementor-widget-container\">\n\t\t\t<h3 class=\"elementor-heading-title elementor-size-default translation-block\">Welcome to Sekelg\u00e5rden<br \/>\nThe family-owned <br \/>hotel in the <br \/>heart of Ystad,<br \/>\nneighbouring the sea<\/h3>\t\t<\/div>\n\t\t\t\t<\/div>\n\t\t\t\t\t<\/div>\n\t\t<\/div>\n\t\t\t\t<div class=\"elementor-column elementor-col-50 elementor-top-column elementor-element elementor-element-4192397\" data-id=\"4192397\" data-element_type=\"column\">\n\t\t\t<div class=\"elementor-widget-wrap\">\n\t\t\t\t\t\t\t\t\t<\/div>\n\t\t<\/div>\n\t\t\t\t\t\t\t<\/div>\n\t\t<\/section>\n\t\t\t\t\t\t\t<\/div>","protected":false},"excerpt":{"rendered":"<p>V\u00e4lkommen till Sekelg\u00e5rdendet familje\u00e4gda hotellet i hj\u00e4rtat av Ystad med havet som granne V\u00e4lkommen till Sekelg\u00e5rdendet familje\u00e4gda hotellet i hj\u00e4rtat av Ystad med havet som granne<\/p>","protected":false},"author":1,"featured_media":0,"parent":0,"menu_order":0,"comment_status":"closed","ping_status":"closed","template":"","meta":{"_seopress_robots_primary_cat":"","footnotes":""},"Pagecategories":[],"class_list":["post-63","page","type-page","status-publish","hentry"],"_links":{"self":[{"href":"https:\/\/www.sekelgarden.se\/en\/wp-json\/wp\/v2\/pages\/63","targetHints":{"allow":["GET"]}}],"collection":[{"href":"https:\/\/www.sekelgarden.se\/en\/wp-json\/wp\/v2\/pages"}],"about":[{"href":"https:\/\/www.sekelgarden.se\/en\/wp-json\/wp\/v2\/types\/page"}],"author":[{"embeddable":true,"href":"https:\/\/www.sekelgarden.se\/en\/wp-json\/wp\/v2\/users\/1"}],"replies":[{"embeddable":true,"href":"https:\/\/www.sekelgarden.se\/en\/wp-json\/wp\/v2\/comments?post=63"}],"version-history":[{"count":5,"href":"https:\/\/www.sekelgarden.se\/en\/wp-json\/wp\/v2\/pages\/63\/revisions"}],"predecessor-version":[{"id":627,"href":"https:\/\/www.sekelgarden.se\/en\/wp-json\/wp\/v2\/pages\/63\/revisions\/627"}],"wp:attachment":[{"href":"https:\/\/www.sekelgarden.se\/en\/wp-json\/wp\/v2\/media?parent=63"}],"wp:term":[{"taxonomy":"Pagecategories","embeddable":true,"href":"https:\/\/www.sekelgarden.se\/en\/wp-json\/wp\/v2\/Pagecategories?post=63"}],"curies":[{"name":"wp","href":"https:\/\/api.w.org\/{rel}","templated":true}]}}